{"id":5,"date":"2016-11-03T21:28:22","date_gmt":"2016-11-03T21:28:22","guid":{"rendered":"http:\/\/laplandrentals.com\/?page_id=5"},"modified":"2016-11-11T12:09:10","modified_gmt":"2016-11-11T12:09:10","slug":"etusivu","status":"publish","type":"page","link":"https:\/\/laplandrentals.com\/","title":{"rendered":""},"content":{"rendered":"<p>Vuokrattavana LED per\u00e4k\u00e4rry, Moottorikelkkoja, Per\u00e4k\u00e4rryj\u00e4, L\u00e4mmint\u00e4 hallitilaa sek\u00e4 paljon muuta<\/p>\n","protected":false},"excerpt":{"rendered":"<p>Vuokrattavana LED per\u00e4k\u00e4rry, Moottorikelkkoja, Per\u00e4k\u00e4rryj\u00e4, L\u00e4mmint\u00e4 hallitilaa sek\u00e4 paljon muuta<\/p>\n","protected":false},"author":2,"featured_media":70,"parent":0,"menu_order":0,"comment_status":"closed","ping_status":"closed","template":"page-templates\/grid-page.php","meta":{"footnotes":""},"class_list":["post-5","page","type-page","status-publish","has-post-thumbnail","hentry"],"_links":{"self":[{"href":"https:\/\/laplandrentals.com\/index.php?rest_route=\/wp\/v2\/pages\/5","targetHints":{"allow":["GET"]}}],"collection":[{"href":"https:\/\/laplandrentals.com\/index.php?rest_route=\/wp\/v2\/pages"}],"about":[{"href":"https:\/\/laplandrentals.com\/index.php?rest_route=\/wp\/v2\/types\/page"}],"author":[{"embeddable":true,"href":"https:\/\/laplandrentals.com\/index.php?rest_route=\/wp\/v2\/users\/2"}],"replies":[{"embeddable":true,"href":"https:\/\/laplandrentals.com\/index.php?rest_route=%2Fwp%2Fv2%2Fcomments&post=5"}],"version-history":[{"count":12,"href":"https:\/\/laplandrentals.com\/index.php?rest_route=\/wp\/v2\/pages\/5\/revisions"}],"predecessor-version":[{"id":69,"href":"https:\/\/laplandrentals.com\/index.php?rest_route=\/wp\/v2\/pages\/5\/revisions\/69"}],"wp:featuredmedia":[{"embeddable":true,"href":"https:\/\/laplandrentals.com\/index.php?rest_route=\/wp\/v2\/media\/70"}],"wp:attachment":[{"href":"https:\/\/laplandrentals.com\/index.php?rest_route=%2Fwp%2Fv2%2Fmedia&parent=5"}],"curies":[{"name":"wp","href":"https:\/\/api.w.org\/{rel}","templated":true}]}}