{"id":30,"date":"2016-11-11T10:17:47","date_gmt":"2016-11-11T10:17:47","guid":{"rendered":"http:\/\/laplandrentals.com\/?page_id=30"},"modified":"2016-11-11T12:30:35","modified_gmt":"2016-11-11T12:30:35","slug":"vuokrattava-kalusto","status":"publish","type":"page","link":"https:\/\/laplandrentals.com\/?page_id=30","title":{"rendered":"Vuokrattava kalusto"},"content":{"rendered":"<p><img loading=\"lazy\" decoding=\"async\" class=\"alignnone size-medium wp-image-45\" src=\"http:\/\/laplandrentals.com\/wp-content\/uploads\/2016\/11\/laprent-etusivu-kalusto-main-300x200.jpg\" alt=\"laprent-etusivu-kalusto-main\" width=\"300\" height=\"200\" \/><\/p>\n<h1><span style=\"font-weight: 400;\"><br \/>\nVUOKRATTAVA KALUSTO<\/span><\/h1>\n<p><span style=\"font-weight: 400;\">VW CRAFTER \u2013 150\u20ac\/VRK<\/span><\/p>\n<p><span style=\"font-weight: 400;\">B-KORTTI, 6-PAIKKAINEN, PUOLIPITK\u00c4-KORKEA, PER\u00c4KOUKKU.<\/span><\/p>\n<p><span style=\"font-weight: 400;\">KOPPIPER\u00c4K\u00c4RRY \u2013 60\u20ac\/VRK<\/span><\/p>\n<p><span style=\"font-weight: 400;\">SIS\u00c4MITTA 2,2 x 4,5m, KEVYT VEDETT\u00c4V\u00c4, TAKALAITARAMPPI, SIVUOVI. SOPII 2 KELKKAA + TAVARAA.<\/span><\/p>\n<p><span style=\"font-weight: 400;\">LAVETTIPER\u00c4K\u00c4RRY 90\u20ac\/VRK<\/span><\/p>\n<p><span style=\"font-weight: 400;\">LAVAN KOKO 2,5 x 5,5m. MAHTUU NELJ\u00c4 KELKKAA HELPOSTI.<\/span><\/p>\n<p><span style=\"font-weight: 400;\">KIPPI + RAMPIT.<\/span><\/p>\n<p><span style=\"font-weight: 400;\">ATV\/KELKKASAUNA \u2013 150\u20ac\/VRK<\/span><\/p>\n<p><span style=\"font-weight: 400;\">6 HENGEN, PUUL\u00c4MMITTEINEN, RENKAILLA TAI SUKSILLA. VAKAA VEDETT\u00c4V\u00c4 PAIKKAAN KUIN PAIKKAAN.<\/span><\/p>\n<p><span style=\"font-weight: 400;\">LED-PER\u00c4K\u00c4RRYN\u00c4YTT\u00d6 \u2013 ALK. 100\u20ac\/VRK<\/span><\/p>\n<p><span style=\"font-weight: 400;\">SIIRRETT\u00c4V\u00c4, LAADUKAS JA HELPPOK\u00c4YTT\u00d6INEN.<\/span><\/p>\n<p><span style=\"font-weight: 400;\">N\u00c4YT\u00d6T KOKO 2 x 1,5m TAI 3 x 2m<\/span><\/p>\n<p><span style=\"font-weight: 400;\">MOOTTORIKELKKA \u2013 alk. 250\u20ac\/VRK<\/span><\/p>\n<p><span style=\"font-weight: 400;\">800cm<\/span><span style=\"font-weight: 400;\">3 <\/span><span style=\"font-weight: 400;\">SKI-DOO SUMMIT X T3 154\u201d vm. 2016<\/span><\/p>\n<p><span style=\"font-weight: 400;\">800cm<\/span><span style=\"font-weight: 400;\">3 \u00a0<\/span><span style=\"font-weight: 400;\">LYNX BOONDOCKER 3700 vm.2014<\/span><\/p>\n<p><span style=\"font-weight: 400;\">M\u00d6NKIJ\u00c4 \u2013 200\u20ac\/VRK<\/span><\/p>\n<p><span style=\"font-weight: 400;\">CAN-AM 500 cm<\/span><span style=\"font-weight: 400;\">3 <\/span><span style=\"font-weight: 400;\">TIELIIKENNEM\u00d6NKK\u00c4RI vm. 2016<\/span><\/p>\n<p><span style=\"font-weight: 400;\">VARAUKSET:<\/span><\/p>\n<p><span style=\"font-weight: 400;\">0400-997 999<\/span><\/p>\n<p><a href=\"mailto:info@laplandrentals.com\"><span style=\"font-weight: 400;\">info@laplandrentals.com<\/span><\/a><\/p>\n","protected":false},"excerpt":{"rendered":"<p><a href=\"http:\/\/laplandrentals.com\/?page_id=30\"><img loading=\"lazy\" decoding=\"async\" class=\"alignnone size-medium wp-image-45\" src=\"http:\/\/laplandrentals.com\/wp-content\/uploads\/2016\/11\/laprent-etusivu-kalusto-main-300x200.jpg\" alt=\"laprent-etusivu-kalusto-main\" width=\"300\" height=\"200\" \/><\/a><\/p>\n<p>VW CRAFTER \u2013 150\u20ac\/VRK<br \/>\nKOPPIPER\u00c4K\u00c4RRY \u2013 60\u20ac\/VRK<br \/>\nLAVETTIPER\u00c4K\u00c4RRY 90\u20ac\/VRK<br \/>\nATV\/KELKKASAUNA \u2013 150\u20ac\/VRK<br \/>\nMOOTTORIKELKKA \u2013 alk. 250\u20ac\/VRK<\/p>\n","protected":false},"author":2,"featured_media":0,"parent":5,"menu_order":3,"comment_status":"closed","ping_status":"closed","template":"page-templates\/full-width-page.php","meta":{"footnotes":""},"class_list":["post-30","page","type-page","status-publish","hentry"],"_links":{"self":[{"href":"https:\/\/laplandrentals.com\/index.php?rest_route=\/wp\/v2\/pages\/30","targetHints":{"allow":["GET"]}}],"collection":[{"href":"https:\/\/laplandrentals.com\/index.php?rest_route=\/wp\/v2\/pages"}],"about":[{"href":"https:\/\/laplandrentals.com\/index.php?rest_route=\/wp\/v2\/types\/page"}],"author":[{"embeddable":true,"href":"https:\/\/laplandrentals.com\/index.php?rest_route=\/wp\/v2\/users\/2"}],"replies":[{"embeddable":true,"href":"https:\/\/laplandrentals.com\/index.php?rest_route=%2Fwp%2Fv2%2Fcomments&post=30"}],"version-history":[{"count":6,"href":"https:\/\/laplandrentals.com\/index.php?rest_route=\/wp\/v2\/pages\/30\/revisions"}],"predecessor-version":[{"id":93,"href":"https:\/\/laplandrentals.com\/index.php?rest_route=\/wp\/v2\/pages\/30\/revisions\/93"}],"up":[{"embeddable":true,"href":"https:\/\/laplandrentals.com\/index.php?rest_route=\/wp\/v2\/pages\/5"}],"wp:attachment":[{"href":"https:\/\/laplandrentals.com\/index.php?rest_route=%2Fwp%2Fv2%2Fmedia&parent=30"}],"curies":[{"name":"wp","href":"https:\/\/api.w.org\/{rel}","templated":true}]}}